{"id":26,"date":"2026-03-11T12:14:19","date_gmt":"2026-03-11T12:14:19","guid":{"rendered":"https:\/\/jarqilo.pro\/?page_id=26"},"modified":"2026-03-11T12:14:23","modified_gmt":"2026-03-11T12:14:23","slug":"contactos-da-oficina","status":"publish","type":"page","link":"https:\/\/jarqilo.pro\/?page_id=26","title":{"rendered":"Contactos da Oficina"},"content":{"rendered":"\n<figure class=\"wp-block-table\"><table class=\"has-fixed-layout\"><thead><tr><th><strong>Informa\u00e7\u00e3o de Contacto<\/strong><\/th><th><strong>Espa\u00e7o Reservado<\/strong><\/th><\/tr><\/thead><tbody><tr><td><strong>Morada da Oficina<\/strong><\/td><td>Lugar das Barcas, Ribeira de Eiras, 3020-438 Coimbra<\/td><\/tr><tr><td><strong>Telefone Direto<\/strong><\/td><td>+351-739-410-546<\/td><\/tr><tr><td><strong>E-mail T\u00e9cnico<\/strong><\/td><td>mail@jarqilo.pro<\/td><\/tr><\/tbody><\/table><\/figure>\n\n\n\n<p>. . .<\/p>\n\n\n\n<p><strong>Hor\u00e1rio de funcionamento em Coimbra<\/strong><\/p>\n\n\n\n<p>Segunda feira a Sexta feira das 08:30 \u00e0s 18:30<br>S\u00e1bado das 09:00 \u00e0s 13:00 para diagn\u00f3sticos r\u00e1pidos<br>Domingo encerrado para descanso semanal<\/p>\n\n\n\n<p>. . .<\/p>\n\n\n\n<blockquote class=\"wp-block-quote is-layout-flow wp-block-quote-is-layout-flow\">\n<p>Recomenda se a marca\u00e7\u00e3o pr\u00e9via para interven\u00e7\u00f5es mec\u00e2nicas profundas para garantir que temos o elevador dispon\u00edvel e as pe\u00e7as necess\u00e1rias para o seu ve\u00edculo.<\/p>\n<\/blockquote>\n","protected":false},"excerpt":{"rendered":"<p>Informa\u00e7\u00e3o de Contacto Espa\u00e7o Reservado Morada da Oficina Lugar das Barcas, Ribeira de Eiras, 3020-438 [&hellip;]<\/p>\n","protected":false},"author":1,"featured_media":0,"parent":0,"menu_order":6,"comment_status":"closed","ping_status":"closed","template":"","meta":{"footnotes":""},"class_list":["post-26","page","type-page","status-publish","hentry"],"_links":{"self":[{"href":"https:\/\/jarqilo.pro\/index.php?rest_route=\/wp\/v2\/pages\/26","targetHints":{"allow":["GET"]}}],"collection":[{"href":"https:\/\/jarqilo.pro\/index.php?rest_route=\/wp\/v2\/pages"}],"about":[{"href":"https:\/\/jarqilo.pro\/index.php?rest_route=\/wp\/v2\/types\/page"}],"author":[{"embeddable":true,"href":"https:\/\/jarqilo.pro\/index.php?rest_route=\/wp\/v2\/users\/1"}],"replies":[{"embeddable":true,"href":"https:\/\/jarqilo.pro\/index.php?rest_route=%2Fwp%2Fv2%2Fcomments&post=26"}],"version-history":[{"count":1,"href":"https:\/\/jarqilo.pro\/index.php?rest_route=\/wp\/v2\/pages\/26\/revisions"}],"predecessor-version":[{"id":27,"href":"https:\/\/jarqilo.pro\/index.php?rest_route=\/wp\/v2\/pages\/26\/revisions\/27"}],"wp:attachment":[{"href":"https:\/\/jarqilo.pro\/index.php?rest_route=%2Fwp%2Fv2%2Fmedia&parent=26"}],"curies":[{"name":"wp","href":"https:\/\/api.w.org\/{rel}","templated":true}]}}